{"id":119,"date":"2025-02-14T18:19:01","date_gmt":"2025-02-14T18:19:01","guid":{"rendered":"https:\/\/envirohospitalitysolutions.com\/?page_id=119"},"modified":"2026-03-26T14:52:29","modified_gmt":"2026-03-26T14:52:29","slug":"services-2","status":"publish","type":"page","link":"https:\/\/envirohospitalitysolutions.com\/es\/services-2\/","title":{"rendered":"Servicios"},"content":{"rendered":"<div id=\"main-inner\"  data-column-margin=\"default\" data-midnight=\"dark\"  class=\"wpb_row vc_row-fluid vc_row full-width-section\"  style=\"padding-top: 160px; padding-bottom: 160px; \"><div class=\"row-bg-wrap\" data-bg-animation=\"none\" data-bg-overlay=\"false\"><div class=\"inner-wrap using-image\"><div class=\"row-bg viewport-desktop using-image\"  style=\"background-image: url(https:\/\/envirohospitalitysolutions.com\/wp-content\/uploads\/2025\/02\/home-banner.png); background-position: left top; background-repeat: no-repeat; \"><\/div><\/div><\/div><div class=\"row_col_wrap_12 col span_12 dark center\">\n\t<div  class=\"vc_col-sm-12 wpb_column column_container vc_column_container col no-extra-padding inherit_tablet inherit_phone\"  data-padding-pos=\"all\" data-has-bg-color=\"false\" data-bg-color=\"\" data-bg-opacity=\"1\" data-animation=\"\" data-delay=\"0\" >\n\t\t<div class=\"vc_column-inner\" >\n\t\t\t<div class=\"wpb_wrapper\">\n\t\t\t\t\r\n<div class=\"wpb_text_column wpb_content_element  wpb_animate_when_almost_visible wpb_fadeInUp fadeInUp\" >\r\n\t<div class=\"wpb_wrapper\">\r\n\t\t<h1>Nuestros servicios<\/h1>\n\t<\/div>\r\n<\/div>\r\n\r\n\r\n\r\n\n\t\t\t<\/div> \n\t\t<\/div>\n\t<\/div> \n<\/div><\/div>\r\n\t\t<div id=\"slider-frame\"  data-column-margin=\"default\" data-midnight=\"dark\"  class=\"wpb_row vc_row-fluid vc_row full-width-section vc_row-o-equal-height vc_row-flex\"  style=\"padding-top: 100px; padding-bottom: 100px; \"><div class=\"row-bg-wrap\" data-bg-animation=\"none\" data-bg-overlay=\"false\"><div class=\"inner-wrap\"><div class=\"row-bg viewport-desktop\"  style=\"\"><\/div><\/div><\/div><div class=\"row_col_wrap_12 col span_12 dark left\">\n\t<div  class=\"vc_col-sm-6 wpb_column column_container vc_column_container col no-extra-padding inherit_tablet inherit_phone\"  data-padding-pos=\"all\" data-has-bg-color=\"false\" data-bg-color=\"\" data-bg-opacity=\"1\" data-animation=\"\" data-delay=\"0\" >\n\t\t<div class=\"vc_column-inner\" >\n\t\t\t<div class=\"wpb_wrapper\">\n\t\t\t\t<div class=\"img-with-aniamtion-wrap\" data-max-width=\"100%\" data-max-width-mobile=\"default\" data-border-radius=\"20px\" data-shadow=\"none\" data-animation=\"fade-in\" >\r\n      <div class=\"inner\">\r\n        <div class=\"hover-wrap\"> \r\n          <div class=\"hover-wrap-inner\">\r\n            <img loading=\"lazy\" decoding=\"async\" class=\"img-with-animation skip-lazy\" data-delay=\"0\" height=\"713\" width=\"700\" data-animation=\"fade-in\" src=\"https:\/\/envirohospitalitysolutions.com\/wp-content\/uploads\/2025\/03\/5.jpg\" alt=\"Person in protective suit drinking from a bottle near a window.\" srcset=\"https:\/\/envirohospitalitysolutions.com\/wp-content\/uploads\/2025\/03\/5.jpg 700w, https:\/\/envirohospitalitysolutions.com\/wp-content\/uploads\/2025\/03\/5-600x611.jpg 600w, https:\/\/envirohospitalitysolutions.com\/wp-content\/uploads\/2025\/03\/5-295x300.jpg 295w\" sizes=\"auto, (max-width: 700px) 100vw, 700px\" \/>\r\n          <\/div>\r\n        <\/div>\r\n      <\/div>\r\n    <\/div>\r\n<div class=\"wpb_text_column wpb_content_element\" >\r\n\t<div class=\"wpb_wrapper\">\r\n\t\t<h3>Beneficios de la pulverizaci\u00f3n electrost\u00e1tica:<\/h3>\n<ul class=\"service-list\">\n<li>Proporciona una cobertura completa de la superficie, incluidos los puntos dif\u00edciles de alcanzar.<\/li>\n<li>Se adhiere a las superficies para una protecci\u00f3n prolongada.<\/li>\n<li>M\u00e1s eficaz que los pulverizadores tradicionales.<\/li>\n<li>Ayuda a mantener un entorno m\u00e1s limpio y seguro.<\/li>\n<\/ul>\n<p>Cont\u00e1ctenos hoy para programar su evaluaci\u00f3n y mantener su espacio protegido.<\/p>\n\t<\/div>\r\n<\/div>\r\n\r\n\r\n\r\n\n\t\t\t<\/div> \n\t\t<\/div>\n\t<\/div> \n\n\t<div  class=\"vc_col-sm-6 wpb_column column_container vc_column_container col no-extra-padding inherit_tablet inherit_phone\"  data-padding-pos=\"all\" data-has-bg-color=\"false\" data-bg-color=\"\" data-bg-opacity=\"1\" data-animation=\"\" data-delay=\"0\" >\n\t\t<div class=\"vc_column-inner\" >\n\t\t\t<div class=\"wpb_wrapper\">\n\t\t\t\t\r\n<div class=\"wpb_text_column wpb_content_element\" >\r\n\t<div class=\"wpb_wrapper\">\r\n\t\t<h3>Servicio de desinfecci\u00f3n electrost\u00e1tica de 360\u00b0<\/h3>\n<p>Desinfecci\u00f3n integral para \u00e1reas de alto tr\u00e1nsito, dise\u00f1ada para mantener su entorno seguro y saludable: Ayuda a eliminar virus comunes transmitidos por el aire, como la gripe, el VSR y el norovirus.<br \/>\nReduce los al\u00e9rgenos en un 99.9 %.<br \/>\nSeguro, no t\u00f3xico y apto para mascotas y personas.<br \/>\nIncluye protecci\u00f3n contra la COVID-19 y el SARS-COVID-19.<\/p>\n<ul class=\"service-list\">\n<li>Gimnasios<\/li>\n<li>Iglesias<\/li>\n<li>residencia para personas mayores<\/li>\n<li>Funerarias<\/li>\n<li>Airbnb<\/li>\n<li>Balnearios<\/li>\n<li>Espacios para eventos<\/li>\n<li>Hoteles<\/li>\n<li>Peluquer\u00edas\/Barber\u00edas<\/li>\n<li>Complejos de apartamentos<\/li>\n<li>Restaurantes<\/li>\n<li>Escuelas<\/li>\n<li>M\u00e1s\u2026<\/li>\n<\/ul>\n<h3>C\u00f3mo funciona:<\/h3>\n<p>Nuestro t\u00e9cnico capacitado visitar\u00e1 su ubicaci\u00f3n para una evaluaci\u00f3n y le proporcionar\u00e1 una tarifa basada en metros cuadrados. Una vez programado el servicio, utilizamos pulverizadores electrost\u00e1ticos avanzados para aplicar una soluci\u00f3n desinfectante que se adhiere a las superficies, incluso en zonas y grietas de dif\u00edcil acceso.<\/p>\n\t<\/div>\r\n<\/div>\r\n\r\n\r\n\r\n<a class=\"nectar-button small regular accent-color has-icon  regular-button\" id=\"entire-btn\" style=\"\"  href=\"https:\/\/envirohospitalitysolutions.com\/es\/contact-us-2\/\" data-color-override=\"false\" data-hover-color-override=\"false\" data-hover-text-color-override=\"#fff\"><span>Reservar cita<\/span><i  class=\"fa fa-arrow-right\"><\/i><\/a>\n\t\t\t<\/div> \n\t\t<\/div>\n\t<\/div> \n<\/div><\/div>\r\n\t\t<div id=\"slider-frame\"  data-column-margin=\"default\" data-midnight=\"dark\"  class=\"wpb_row vc_row-fluid vc_row full-width-section vc_row-o-equal-height vc_row-flex\"  style=\"padding-top: 100px; padding-bottom: 100px; \"><div class=\"row-bg-wrap\" data-bg-animation=\"none\" data-bg-overlay=\"false\"><div class=\"inner-wrap\"><div class=\"row-bg viewport-desktop\"  style=\"\"><\/div><\/div><\/div><div class=\"row_col_wrap_12 col span_12 dark left\">\n\t<div  class=\"vc_col-sm-6 wpb_column column_container vc_column_container col no-extra-padding inherit_tablet inherit_phone\"  data-padding-pos=\"all\" data-has-bg-color=\"false\" data-bg-color=\"\" data-bg-opacity=\"1\" data-animation=\"\" data-delay=\"0\" >\n\t\t<div class=\"vc_column-inner\" >\n\t\t\t<div class=\"wpb_wrapper\">\n\t\t\t\t\r\n<div class=\"wpb_text_column wpb_content_element\" >\r\n\t<div class=\"wpb_wrapper\">\r\n\t\t<h3>Inspecciones de viviendas (solo residenciales)<\/h3>\n\t<\/div>\r\n<\/div>\r\n\r\n\r\n\r\n\n\t\t\t<\/div> \n\t\t<\/div>\n\t<\/div> \n\n\t<div  class=\"vc_col-sm-6 wpb_column column_container vc_column_container col no-extra-padding inherit_tablet inherit_phone\"  data-padding-pos=\"all\" data-has-bg-color=\"false\" data-bg-color=\"\" data-bg-opacity=\"1\" data-animation=\"\" data-delay=\"0\" >\n\t\t<div class=\"vc_column-inner\" >\n\t\t\t<div class=\"wpb_wrapper\">\n\t\t\t\t\n\t\t\t<\/div> \n\t\t<\/div>\n\t<\/div> \n<\/div><\/div>","protected":false},"excerpt":{"rendered":"Our Services Benefits of Electrostatic Spraying: Provides complete surface coverage, including tough-to-reach spots Bonds to surfaces for prolonged protection More effective than traditional sprayers Helps maintain a cleaner, safer environment...","protected":false},"author":1,"featured_media":336,"parent":0,"menu_order":0,"comment_status":"closed","ping_status":"closed","template":"","meta":{"footnotes":""},"class_list":["post-119","page","type-page","status-publish","has-post-thumbnail"],"yoast_head":"<!-- This site is optimized with the Yoast SEO plugin v27.4 - https:\/\/yoast.com\/product\/yoast-seo-wordpress\/ -->\n<title>Disinfectant Service | Services<\/title>\n<meta name=\"description\" content=\"Protect your space with Disinfectant Service from Enviro Hospitality Solutions LLC. Keep your environment safe today!\" \/>\n<meta name=\"robots\" content=\"index, follow, max-snippet:-1, max-image-preview:large, max-video-preview:-1\" \/>\n<link rel=\"canonical\" href=\"https:\/\/envirohospitalitysolutions.com\/es\/wp-json\/wp\/v2\/pages\/119\" \/>\n<meta property=\"og:locale\" content=\"es_ES\" \/>\n<meta property=\"og:type\" content=\"article\" \/>\n<meta property=\"og:title\" content=\"Electrostatic Spraying - Enviro Hospitality Solutions LLC\" \/>\n<meta property=\"og:description\" content=\"Protect your space with Electrostatic Spraying. Schedule your service today for a safer environment!\" \/>\n<meta property=\"og:url\" content=\"https:\/\/envirohospitalitysolutions.com\/es\/services-2\/\" \/>\n<meta property=\"og:site_name\" content=\"Enviro Hospitality Solutions LLC\" \/>\n<meta property=\"article:modified_time\" content=\"2026-03-26T14:52:29+00:00\" \/>\n<meta property=\"og:image\" content=\"https:\/\/envirohospitalitysolutions.com\/wp-content\/uploads\/2025\/03\/IMG_7258.jpeg\" \/>\n<meta name=\"twitter:card\" content=\"summary_large_image\" \/>\n<meta name=\"twitter:title\" content=\"Electrostatic Spraying - Enviro Hospitality Solutions LLC\" \/>\n<meta name=\"twitter:description\" content=\"Protect your space with Electrostatic Spraying. Schedule your service today for a safer environment!\" \/>\n<meta name=\"twitter:image\" content=\"https:\/\/envirohospitalitysolutions.com\/wp-content\/uploads\/2025\/03\/IMG_7258.jpeg\" \/>\n<meta name=\"twitter:label1\" content=\"Tiempo de lectura\" \/>\n\t<meta name=\"twitter:data1\" content=\"6 minutos\" \/>\n<script type=\"application\/ld+json\" class=\"yoast-schema-graph\">{\"@context\":\"https:\\\/\\\/schema.org\",\"@graph\":[{\"@type\":\"WebPage\",\"@id\":\"https:\\\/\\\/envirohospitalitysolutions.com\\\/services-2\\\/\",\"url\":\"https:\\\/\\\/envirohospitalitysolutions.com\\\/services-2\\\/\",\"name\":\"Disinfectant Service | Services\",\"isPartOf\":{\"@id\":\"https:\\\/\\\/envirohospitalitysolutions.com\\\/#website\"},\"primaryImageOfPage\":{\"@id\":\"https:\\\/\\\/envirohospitalitysolutions.com\\\/services-2\\\/#primaryimage\"},\"image\":{\"@id\":\"https:\\\/\\\/envirohospitalitysolutions.com\\\/services-2\\\/#primaryimage\"},\"thumbnailUrl\":\"https:\\\/\\\/envirohospitalitysolutions.com\\\/wp-content\\\/uploads\\\/2025\\\/03\\\/IMG_7258.jpeg\",\"datePublished\":\"2025-02-14T18:19:01+00:00\",\"dateModified\":\"2026-03-26T14:52:29+00:00\",\"description\":\"Protect your space with Disinfectant Service from Enviro Hospitality Solutions LLC. Keep your environment safe today!\",\"breadcrumb\":{\"@id\":\"https:\\\/\\\/envirohospitalitysolutions.com\\\/services-2\\\/#breadcrumb\"},\"inLanguage\":\"es\",\"potentialAction\":[{\"@type\":\"ReadAction\",\"target\":[\"https:\\\/\\\/envirohospitalitysolutions.com\\\/services-2\\\/\"]}]},{\"@type\":\"ImageObject\",\"inLanguage\":\"es\",\"@id\":\"https:\\\/\\\/envirohospitalitysolutions.com\\\/services-2\\\/#primaryimage\",\"url\":\"https:\\\/\\\/envirohospitalitysolutions.com\\\/wp-content\\\/uploads\\\/2025\\\/03\\\/IMG_7258.jpeg\",\"contentUrl\":\"https:\\\/\\\/envirohospitalitysolutions.com\\\/wp-content\\\/uploads\\\/2025\\\/03\\\/IMG_7258.jpeg\",\"width\":783,\"height\":868,\"caption\":\"A stainless steel analog kitchen thermometer with a dial display.\"},{\"@type\":\"BreadcrumbList\",\"@id\":\"https:\\\/\\\/envirohospitalitysolutions.com\\\/services-2\\\/#breadcrumb\",\"itemListElement\":[{\"@type\":\"ListItem\",\"position\":1,\"name\":\"Home\",\"item\":\"https:\\\/\\\/envirohospitalitysolutions.com\\\/\"},{\"@type\":\"ListItem\",\"position\":2,\"name\":\"Services\"}]},{\"@type\":\"WebSite\",\"@id\":\"https:\\\/\\\/envirohospitalitysolutions.com\\\/#website\",\"url\":\"https:\\\/\\\/envirohospitalitysolutions.com\\\/\",\"name\":\"Enviro Hospitality Solutions LLC\",\"description\":\"\",\"potentialAction\":[{\"@type\":\"SearchAction\",\"target\":{\"@type\":\"EntryPoint\",\"urlTemplate\":\"https:\\\/\\\/envirohospitalitysolutions.com\\\/?s={search_term_string}\"},\"query-input\":{\"@type\":\"PropertyValueSpecification\",\"valueRequired\":true,\"valueName\":\"search_term_string\"}}],\"inLanguage\":\"es\"}]}<\/script>\n<!-- \/ Yoast SEO plugin. -->","yoast_head_json":{"title":"Disinfectant Service | Services","description":"Protect your space with Disinfectant Service from Enviro Hospitality Solutions LLC. Keep your environment safe today!","robots":{"index":"index","follow":"follow","max-snippet":"max-snippet:-1","max-image-preview":"max-image-preview:large","max-video-preview":"max-video-preview:-1"},"canonical":"https:\/\/envirohospitalitysolutions.com\/es\/wp-json\/wp\/v2\/pages\/119","og_locale":"es_ES","og_type":"article","og_title":"Electrostatic Spraying - Enviro Hospitality Solutions LLC","og_description":"Protect your space with Electrostatic Spraying. Schedule your service today for a safer environment!","og_url":"https:\/\/envirohospitalitysolutions.com\/es\/services-2\/","og_site_name":"Enviro Hospitality Solutions LLC","article_modified_time":"2026-03-26T14:52:29+00:00","og_image":[{"url":"https:\/\/envirohospitalitysolutions.com\/wp-content\/uploads\/2025\/03\/IMG_7258.jpeg","type":"","width":"","height":""}],"twitter_card":"summary_large_image","twitter_title":"Electrostatic Spraying - Enviro Hospitality Solutions LLC","twitter_description":"Protect your space with Electrostatic Spraying. Schedule your service today for a safer environment!","twitter_image":"https:\/\/envirohospitalitysolutions.com\/wp-content\/uploads\/2025\/03\/IMG_7258.jpeg","twitter_misc":{"Tiempo de lectura":"6 minutos"},"schema":{"@context":"https:\/\/schema.org","@graph":[{"@type":"WebPage","@id":"https:\/\/envirohospitalitysolutions.com\/services-2\/","url":"https:\/\/envirohospitalitysolutions.com\/services-2\/","name":"Disinfectant Service | Services","isPartOf":{"@id":"https:\/\/envirohospitalitysolutions.com\/#website"},"primaryImageOfPage":{"@id":"https:\/\/envirohospitalitysolutions.com\/services-2\/#primaryimage"},"image":{"@id":"https:\/\/envirohospitalitysolutions.com\/services-2\/#primaryimage"},"thumbnailUrl":"https:\/\/envirohospitalitysolutions.com\/wp-content\/uploads\/2025\/03\/IMG_7258.jpeg","datePublished":"2025-02-14T18:19:01+00:00","dateModified":"2026-03-26T14:52:29+00:00","description":"Protect your space with Disinfectant Service from Enviro Hospitality Solutions LLC. Keep your environment safe today!","breadcrumb":{"@id":"https:\/\/envirohospitalitysolutions.com\/services-2\/#breadcrumb"},"inLanguage":"es","potentialAction":[{"@type":"ReadAction","target":["https:\/\/envirohospitalitysolutions.com\/services-2\/"]}]},{"@type":"ImageObject","inLanguage":"es","@id":"https:\/\/envirohospitalitysolutions.com\/services-2\/#primaryimage","url":"https:\/\/envirohospitalitysolutions.com\/wp-content\/uploads\/2025\/03\/IMG_7258.jpeg","contentUrl":"https:\/\/envirohospitalitysolutions.com\/wp-content\/uploads\/2025\/03\/IMG_7258.jpeg","width":783,"height":868,"caption":"A stainless steel analog kitchen thermometer with a dial display."},{"@type":"BreadcrumbList","@id":"https:\/\/envirohospitalitysolutions.com\/services-2\/#breadcrumb","itemListElement":[{"@type":"ListItem","position":1,"name":"Home","item":"https:\/\/envirohospitalitysolutions.com\/"},{"@type":"ListItem","position":2,"name":"Services"}]},{"@type":"WebSite","@id":"https:\/\/envirohospitalitysolutions.com\/#website","url":"https:\/\/envirohospitalitysolutions.com\/","name":"Enviro Hospitality Solutions LLC","description":"","potentialAction":[{"@type":"SearchAction","target":{"@type":"EntryPoint","urlTemplate":"https:\/\/envirohospitalitysolutions.com\/?s={search_term_string}"},"query-input":{"@type":"PropertyValueSpecification","valueRequired":true,"valueName":"search_term_string"}}],"inLanguage":"es"}]}},"_links":{"self":[{"href":"https:\/\/envirohospitalitysolutions.com\/es\/wp-json\/wp\/v2\/pages\/119","targetHints":{"allow":["GET"]}}],"collection":[{"href":"https:\/\/envirohospitalitysolutions.com\/es\/wp-json\/wp\/v2\/pages"}],"about":[{"href":"https:\/\/envirohospitalitysolutions.com\/es\/wp-json\/wp\/v2\/types\/page"}],"author":[{"embeddable":true,"href":"https:\/\/envirohospitalitysolutions.com\/es\/wp-json\/wp\/v2\/users\/1"}],"replies":[{"embeddable":true,"href":"https:\/\/envirohospitalitysolutions.com\/es\/wp-json\/wp\/v2\/comments?post=119"}],"version-history":[{"count":25,"href":"https:\/\/envirohospitalitysolutions.com\/es\/wp-json\/wp\/v2\/pages\/119\/revisions"}],"predecessor-version":[{"id":539,"href":"https:\/\/envirohospitalitysolutions.com\/es\/wp-json\/wp\/v2\/pages\/119\/revisions\/539"}],"wp:featuredmedia":[{"embeddable":true,"href":"https:\/\/envirohospitalitysolutions.com\/es\/wp-json\/wp\/v2\/media\/336"}],"wp:attachment":[{"href":"https:\/\/envirohospitalitysolutions.com\/es\/wp-json\/wp\/v2\/media?parent=119"}],"curies":[{"name":"wp","href":"https:\/\/api.w.org\/{rel}","templated":true}]}}