{"id":241,"date":"2025-02-28T00:04:40","date_gmt":"2025-02-28T00:04:40","guid":{"rendered":"https:\/\/envirohospitalitysolutions.com\/?page_id=241"},"modified":"2026-05-07T08:57:34","modified_gmt":"2026-05-07T08:57:34","slug":"training-compilances","status":"publish","type":"page","link":"https:\/\/envirohospitalitysolutions.com\/es\/training-compilances\/","title":{"rendered":"Capacitaci\u00f3n y cumplimiento"},"content":{"rendered":"<div id=\"main-inner\"  data-column-margin=\"default\" data-midnight=\"dark\"  class=\"wpb_row vc_row-fluid vc_row full-width-section\"  style=\"padding-top: 160px; padding-bottom: 160px; \"><div class=\"row-bg-wrap\" data-bg-animation=\"none\" data-bg-overlay=\"false\"><div class=\"inner-wrap using-image\"><div class=\"row-bg viewport-desktop using-image\"  style=\"background-image: url(https:\/\/envirohospitalitysolutions.com\/wp-content\/uploads\/2025\/02\/home-banner.png); background-position: left top; background-repeat: no-repeat; \"><\/div><\/div><\/div><div class=\"row_col_wrap_12 col span_12 dark center\">\n\t<div  class=\"vc_col-sm-12 wpb_column column_container vc_column_container col no-extra-padding inherit_tablet inherit_phone\"  data-padding-pos=\"all\" data-has-bg-color=\"false\" data-bg-color=\"\" data-bg-opacity=\"1\" data-animation=\"\" data-delay=\"0\" >\n\t\t<div class=\"vc_column-inner\" >\n\t\t\t<div class=\"wpb_wrapper\">\n\t\t\t\t\r\n<div class=\"wpb_text_column wpb_content_element  wpb_animate_when_almost_visible wpb_fadeInUp fadeInUp\" >\r\n\t<div class=\"wpb_wrapper\">\r\n\t\t<h1>Capacitaci\u00f3n y cumplimiento<\/h1>\n\t<\/div>\r\n<\/div>\r\n\r\n\r\n\r\n\n\t\t\t<\/div> \n\t\t<\/div>\n\t<\/div> \n<\/div><\/div>\r\n\t\t<div id=\"slider-frame\"  data-column-margin=\"default\" data-midnight=\"dark\"  class=\"wpb_row vc_row-fluid vc_row full-width-section\"  style=\"padding-top: 100px; padding-bottom: 100px; \"><div class=\"row-bg-wrap\" data-bg-animation=\"none\" data-bg-overlay=\"false\"><div class=\"inner-wrap\"><div class=\"row-bg viewport-desktop\"  style=\"\"><\/div><\/div><\/div><div class=\"row_col_wrap_12 col span_12 dark left\">\n\t<div  class=\"vc_col-sm-12 wpb_column column_container vc_column_container col no-extra-padding inherit_tablet inherit_phone\"  data-padding-pos=\"all\" data-has-bg-color=\"false\" data-bg-color=\"\" data-bg-opacity=\"1\" data-animation=\"\" data-delay=\"0\" >\n\t\t<div class=\"vc_column-inner\" >\n\t\t\t<div class=\"wpb_wrapper\">\n\t\t\t\t<div id=\"srv-inr\" data-midnight=\"\" data-column-margin=\"default\" class=\"wpb_row vc_row-fluid vc_row inner_row\"  style=\"\"><div class=\"row-bg-wrap\"> <div class=\"row-bg\" ><\/div> <\/div><div class=\"row_col_wrap_12_inner col span_12  left\">\n\t<div  class=\"vc_col-sm-6 col-left-ser wpb_column column_container vc_column_container col child_column no-extra-padding inherit_tablet inherit_phone\"   data-padding-pos=\"all\" data-has-bg-color=\"false\" data-bg-color=\"\" data-bg-opacity=\"1\" data-animation=\"\" data-delay=\"0\" >\n\t\t<div class=\"vc_column-inner\" >\n\t\t<div class=\"wpb_wrapper\">\n\t\t\t<div class=\"img-with-aniamtion-wrap\" data-max-width=\"100%\" data-max-width-mobile=\"default\" data-shadow=\"none\" data-animation=\"fade-in\" >\r\n      <div class=\"inner\">\r\n        <div class=\"hover-wrap\"> \r\n          <div class=\"hover-wrap-inner\">\r\n            <a href=\"https:\/\/envirohospitalitysolutions.com\/es\/service-name-here\/\" target=\"_self\" class=\"\">\r\n              <img loading=\"lazy\" decoding=\"async\" class=\"img-with-animation skip-lazy\" data-delay=\"0\" height=\"553\" width=\"430\" data-animation=\"fade-in\" src=\"https:\/\/envirohospitalitysolutions.com\/wp-content\/uploads\/2025\/03\/ServSafe-4.png\" alt=\"ServSafe logo with certification titles for proctor and instructor.\" srcset=\"https:\/\/envirohospitalitysolutions.com\/wp-content\/uploads\/2025\/03\/ServSafe-4.png 430w, https:\/\/envirohospitalitysolutions.com\/wp-content\/uploads\/2025\/03\/ServSafe-4-233x300.png 233w\" sizes=\"auto, (max-width: 430px) 100vw, 430px\" \/>\r\n            <\/a>\r\n          <\/div>\r\n        <\/div>\r\n      <\/div>\r\n      <\/div><div class=\"nectar-split-heading\" data-align=\"default\" data-m-align=\"inherit\" data-text-effect=\"default\" data-animation-type=\"default\" data-animation-delay=\"0\" data-animation-offset=\"\" data-m-rm-animation=\"\" data-stagger=\"\" data-custom-font-size=\"false\" ><div class=\"heading-line\" > <div><h5>Certificaci\u00f3n ServSafe:<\/h5> <\/div> <\/div><div class=\"heading-line\" > <div><p>Capacitaci\u00f3n y certificaci\u00f3n en seguridad alimentaria l\u00edder en la industria para profesionales de restaurantes. <\/div> <\/div><\/div>\n\t\t<\/div> \n\t<\/div>\n\t<\/div> \n\n\t<div  class=\"vc_col-sm-6 col-right-ser wpb_column column_container vc_column_container col child_column no-extra-padding inherit_tablet inherit_phone\"   data-padding-pos=\"all\" data-has-bg-color=\"false\" data-bg-color=\"\" data-bg-opacity=\"1\" data-animation=\"\" data-delay=\"0\" >\n\t\t<div class=\"vc_column-inner\" ><a class=\"column-link\" target=\"_self\" href=\"https:\/\/envirohospitalitysolutions.com\/es\/mock-health-inspection\/\"><\/a>\n\t\t<div class=\"wpb_wrapper\">\n\t\t\t<div class=\"img-with-aniamtion-wrap\" data-max-width=\"100%\" data-max-width-mobile=\"default\" data-shadow=\"none\" data-animation=\"fade-in\" >\r\n      <div class=\"inner\">\r\n        <div class=\"hover-wrap\"> \r\n          <div class=\"hover-wrap-inner\">\r\n            <a href=\"https:\/\/envirohospitalitysolutions.com\/es\/service-name-here\/\" target=\"_self\" class=\"\">\r\n              <img loading=\"lazy\" decoding=\"async\" class=\"img-with-animation skip-lazy\" data-delay=\"0\" height=\"553\" width=\"430\" data-animation=\"fade-in\" src=\"https:\/\/envirohospitalitysolutions.com\/wp-content\/uploads\/2025\/03\/dfhkjdfk.png\" alt=\"Hand writing on clipboard with pen\" srcset=\"https:\/\/envirohospitalitysolutions.com\/wp-content\/uploads\/2025\/03\/dfhkjdfk.png 430w, https:\/\/envirohospitalitysolutions.com\/wp-content\/uploads\/2025\/03\/dfhkjdfk-233x300.png 233w\" sizes=\"auto, (max-width: 430px) 100vw, 430px\" \/>\r\n            <\/a>\r\n          <\/div>\r\n        <\/div>\r\n      <\/div>\r\n      <\/div><div class=\"nectar-split-heading\" data-align=\"default\" data-m-align=\"inherit\" data-text-effect=\"default\" data-animation-type=\"default\" data-animation-delay=\"0\" data-animation-offset=\"\" data-m-rm-animation=\"\" data-stagger=\"\" data-custom-font-size=\"false\" ><div class=\"heading-line\" > <div><h5>Inspecciones sanitarias simuladas:<\/h5> <\/div> <\/div><div class=\"heading-line\" > <div><p>Resultados comprobados: el 98% de nuestros clientes reciben una A en su inspecci\u00f3n de salud despu\u00e9s de utilizar este servicio.<br \/> <\/div> <\/div><div class=\"heading-line\" > <div><span class=\"white\">Por qu\u00e9 es importante: Las inspecciones simuladas peri\u00f3dicas mantienen a los empleados alertas y preparados, a la vez que garantizan un entorno seguro tanto para el personal como para los clientes.<\/span> <\/div> <\/div><\/div>\n\t\t<\/div> \n\t<\/div>\n\t<\/div> \n<\/div><\/div>\n\t\t\t<\/div> \n\t\t<\/div>\n\t<\/div> \n<\/div><\/div>","protected":false},"excerpt":{"rendered":"Training &amp; Compliances ServSafe Certification: Industry-leading food safety training and certification for restaurant professionals. Mock Health Inspections: Proven Results: 98% of our clients receive an A on their health inspection...","protected":false},"author":1,"featured_media":338,"parent":0,"menu_order":0,"comment_status":"closed","ping_status":"closed","template":"","meta":{"footnotes":""},"class_list":["post-241","page","type-page","status-publish","has-post-thumbnail"],"yoast_head":"<!-- This site is optimized with the Yoast SEO plugin v27.5 - https:\/\/yoast.com\/product\/yoast-seo-wordpress\/ -->\n<title>Training Compliance | Enviro Hospitality Solutions LLC<\/title>\n<meta name=\"description\" content=\"Discover training compliance with Enviro Hospitality Solutions LLC. Enhance your team&#039;s skills and adhere to industry standards now.\" \/>\n<meta name=\"robots\" content=\"index, follow, max-snippet:-1, max-image-preview:large, max-video-preview:-1\" \/>\n<link rel=\"canonical\" href=\"https:\/\/envirohospitalitysolutions.com\/es\/wp-json\/wp\/v2\/pages\/241\" \/>\n<meta property=\"og:locale\" content=\"es_ES\" \/>\n<meta property=\"og:type\" content=\"article\" \/>\n<meta property=\"og:title\" content=\"Training Compliance | Enviro Hospitality Solutions LLC\" \/>\n<meta property=\"og:description\" content=\"Discover training compliance with Enviro Hospitality Solutions LLC. Enhance your team&#039;s skills and adhere to industry standards now.\" \/>\n<meta property=\"og:url\" content=\"https:\/\/envirohospitalitysolutions.com\/es\/training-compilances\/\" \/>\n<meta property=\"og:site_name\" content=\"Enviro Hospitality Solutions LLC\" \/>\n<meta property=\"article:modified_time\" content=\"2026-05-07T08:57:34+00:00\" \/>\n<meta property=\"og:image\" content=\"https:\/\/envirohospitalitysolutions.com\/wp-content\/uploads\/2025\/03\/IMG_7260.jpeg\" \/>\n<meta name=\"twitter:card\" content=\"summary_large_image\" \/>\n<meta name=\"twitter:title\" content=\"Training Compliance | Enviro Hospitality Solutions LLC\" \/>\n<meta name=\"twitter:description\" content=\"Discover training compliance with Enviro Hospitality Solutions LLC. Enhance your team&#039;s skills and adhere to industry standards now.\" \/>\n<meta name=\"twitter:image\" content=\"https:\/\/envirohospitalitysolutions.com\/wp-content\/uploads\/2025\/03\/IMG_7260.jpeg\" \/>\n<meta name=\"twitter:label1\" content=\"Tiempo de lectura\" \/>\n\t<meta name=\"twitter:data1\" content=\"2 minutos\" \/>\n<script type=\"application\/ld+json\" class=\"yoast-schema-graph\">{\"@context\":\"https:\\\/\\\/schema.org\",\"@graph\":[{\"@type\":\"WebPage\",\"@id\":\"https:\\\/\\\/envirohospitalitysolutions.com\\\/training-compilances\\\/\",\"url\":\"https:\\\/\\\/envirohospitalitysolutions.com\\\/training-compilances\\\/\",\"name\":\"Training Compliance | Enviro Hospitality Solutions LLC\",\"isPartOf\":{\"@id\":\"https:\\\/\\\/envirohospitalitysolutions.com\\\/#website\"},\"primaryImageOfPage\":{\"@id\":\"https:\\\/\\\/envirohospitalitysolutions.com\\\/training-compilances\\\/#primaryimage\"},\"image\":{\"@id\":\"https:\\\/\\\/envirohospitalitysolutions.com\\\/training-compilances\\\/#primaryimage\"},\"thumbnailUrl\":\"https:\\\/\\\/envirohospitalitysolutions.com\\\/wp-content\\\/uploads\\\/2025\\\/03\\\/IMG_7260.jpeg\",\"datePublished\":\"2025-02-28T00:04:40+00:00\",\"dateModified\":\"2026-05-07T08:57:34+00:00\",\"description\":\"Discover training compliance with Enviro Hospitality Solutions LLC. Enhance your team's skills and adhere to industry standards now.\",\"breadcrumb\":{\"@id\":\"https:\\\/\\\/envirohospitalitysolutions.com\\\/training-compilances\\\/#breadcrumb\"},\"inLanguage\":\"es\",\"potentialAction\":[{\"@type\":\"ReadAction\",\"target\":[\"https:\\\/\\\/envirohospitalitysolutions.com\\\/training-compilances\\\/\"]}]},{\"@type\":\"ImageObject\",\"inLanguage\":\"es\",\"@id\":\"https:\\\/\\\/envirohospitalitysolutions.com\\\/training-compilances\\\/#primaryimage\",\"url\":\"https:\\\/\\\/envirohospitalitysolutions.com\\\/wp-content\\\/uploads\\\/2025\\\/03\\\/IMG_7260.jpeg\",\"contentUrl\":\"https:\\\/\\\/envirohospitalitysolutions.com\\\/wp-content\\\/uploads\\\/2025\\\/03\\\/IMG_7260.jpeg\",\"width\":1179,\"height\":1033,\"caption\":\"Four clear plastic tubes with gray caps and black measurement markings.\"},{\"@type\":\"BreadcrumbList\",\"@id\":\"https:\\\/\\\/envirohospitalitysolutions.com\\\/training-compilances\\\/#breadcrumb\",\"itemListElement\":[{\"@type\":\"ListItem\",\"position\":1,\"name\":\"Home\",\"item\":\"https:\\\/\\\/envirohospitalitysolutions.com\\\/\"},{\"@type\":\"ListItem\",\"position\":2,\"name\":\"Training &#038; Compilances\"}]},{\"@type\":\"WebSite\",\"@id\":\"https:\\\/\\\/envirohospitalitysolutions.com\\\/#website\",\"url\":\"https:\\\/\\\/envirohospitalitysolutions.com\\\/\",\"name\":\"Enviro Hospitality Solutions LLC\",\"description\":\"\",\"potentialAction\":[{\"@type\":\"SearchAction\",\"target\":{\"@type\":\"EntryPoint\",\"urlTemplate\":\"https:\\\/\\\/envirohospitalitysolutions.com\\\/?s={search_term_string}\"},\"query-input\":{\"@type\":\"PropertyValueSpecification\",\"valueRequired\":true,\"valueName\":\"search_term_string\"}}],\"inLanguage\":\"es\"}]}<\/script>\n<!-- \/ Yoast SEO plugin. -->","yoast_head_json":{"title":"Training Compliance | Enviro Hospitality Solutions LLC","description":"Discover training compliance with Enviro Hospitality Solutions LLC. Enhance your team's skills and adhere to industry standards now.","robots":{"index":"index","follow":"follow","max-snippet":"max-snippet:-1","max-image-preview":"max-image-preview:large","max-video-preview":"max-video-preview:-1"},"canonical":"https:\/\/envirohospitalitysolutions.com\/es\/wp-json\/wp\/v2\/pages\/241","og_locale":"es_ES","og_type":"article","og_title":"Training Compliance | Enviro Hospitality Solutions LLC","og_description":"Discover training compliance with Enviro Hospitality Solutions LLC. Enhance your team&#039;s skills and adhere to industry standards now.","og_url":"https:\/\/envirohospitalitysolutions.com\/es\/training-compilances\/","og_site_name":"Enviro Hospitality Solutions LLC","article_modified_time":"2026-05-07T08:57:34+00:00","og_image":[{"url":"https:\/\/envirohospitalitysolutions.com\/wp-content\/uploads\/2025\/03\/IMG_7260.jpeg","type":"","width":"","height":""}],"twitter_card":"summary_large_image","twitter_title":"Training Compliance | Enviro Hospitality Solutions LLC","twitter_description":"Discover training compliance with Enviro Hospitality Solutions LLC. Enhance your team&#039;s skills and adhere to industry standards now.","twitter_image":"https:\/\/envirohospitalitysolutions.com\/wp-content\/uploads\/2025\/03\/IMG_7260.jpeg","twitter_misc":{"Tiempo de lectura":"2 minutos"},"schema":{"@context":"https:\/\/schema.org","@graph":[{"@type":"WebPage","@id":"https:\/\/envirohospitalitysolutions.com\/training-compilances\/","url":"https:\/\/envirohospitalitysolutions.com\/training-compilances\/","name":"Training Compliance | Enviro Hospitality Solutions LLC","isPartOf":{"@id":"https:\/\/envirohospitalitysolutions.com\/#website"},"primaryImageOfPage":{"@id":"https:\/\/envirohospitalitysolutions.com\/training-compilances\/#primaryimage"},"image":{"@id":"https:\/\/envirohospitalitysolutions.com\/training-compilances\/#primaryimage"},"thumbnailUrl":"https:\/\/envirohospitalitysolutions.com\/wp-content\/uploads\/2025\/03\/IMG_7260.jpeg","datePublished":"2025-02-28T00:04:40+00:00","dateModified":"2026-05-07T08:57:34+00:00","description":"Discover training compliance with Enviro Hospitality Solutions LLC. Enhance your team's skills and adhere to industry standards now.","breadcrumb":{"@id":"https:\/\/envirohospitalitysolutions.com\/training-compilances\/#breadcrumb"},"inLanguage":"es","potentialAction":[{"@type":"ReadAction","target":["https:\/\/envirohospitalitysolutions.com\/training-compilances\/"]}]},{"@type":"ImageObject","inLanguage":"es","@id":"https:\/\/envirohospitalitysolutions.com\/training-compilances\/#primaryimage","url":"https:\/\/envirohospitalitysolutions.com\/wp-content\/uploads\/2025\/03\/IMG_7260.jpeg","contentUrl":"https:\/\/envirohospitalitysolutions.com\/wp-content\/uploads\/2025\/03\/IMG_7260.jpeg","width":1179,"height":1033,"caption":"Four clear plastic tubes with gray caps and black measurement markings."},{"@type":"BreadcrumbList","@id":"https:\/\/envirohospitalitysolutions.com\/training-compilances\/#breadcrumb","itemListElement":[{"@type":"ListItem","position":1,"name":"Home","item":"https:\/\/envirohospitalitysolutions.com\/"},{"@type":"ListItem","position":2,"name":"Training &#038; Compilances"}]},{"@type":"WebSite","@id":"https:\/\/envirohospitalitysolutions.com\/#website","url":"https:\/\/envirohospitalitysolutions.com\/","name":"Enviro Hospitality Solutions LLC","description":"","potentialAction":[{"@type":"SearchAction","target":{"@type":"EntryPoint","urlTemplate":"https:\/\/envirohospitalitysolutions.com\/?s={search_term_string}"},"query-input":{"@type":"PropertyValueSpecification","valueRequired":true,"valueName":"search_term_string"}}],"inLanguage":"es"}]}},"_links":{"self":[{"href":"https:\/\/envirohospitalitysolutions.com\/es\/wp-json\/wp\/v2\/pages\/241","targetHints":{"allow":["GET"]}}],"collection":[{"href":"https:\/\/envirohospitalitysolutions.com\/es\/wp-json\/wp\/v2\/pages"}],"about":[{"href":"https:\/\/envirohospitalitysolutions.com\/es\/wp-json\/wp\/v2\/types\/page"}],"author":[{"embeddable":true,"href":"https:\/\/envirohospitalitysolutions.com\/es\/wp-json\/wp\/v2\/users\/1"}],"replies":[{"embeddable":true,"href":"https:\/\/envirohospitalitysolutions.com\/es\/wp-json\/wp\/v2\/comments?post=241"}],"version-history":[{"count":16,"href":"https:\/\/envirohospitalitysolutions.com\/es\/wp-json\/wp\/v2\/pages\/241\/revisions"}],"predecessor-version":[{"id":493,"href":"https:\/\/envirohospitalitysolutions.com\/es\/wp-json\/wp\/v2\/pages\/241\/revisions\/493"}],"wp:featuredmedia":[{"embeddable":true,"href":"https:\/\/envirohospitalitysolutions.com\/es\/wp-json\/wp\/v2\/media\/338"}],"wp:attachment":[{"href":"https:\/\/envirohospitalitysolutions.com\/es\/wp-json\/wp\/v2\/media?parent=241"}],"curies":[{"name":"wp","href":"https:\/\/api.w.org\/{rel}","templated":true}]}}